{"id":1703,"date":"2024-06-05T23:51:16","date_gmt":"2024-06-05T15:51:16","guid":{"rendered":"https:\/\/toweltrend.com\/?page_id=1703"},"modified":"2025-07-11T21:31:42","modified_gmt":"2025-07-11T13:31:42","slug":"politica-de-privacidad","status":"publish","type":"page","link":"https:\/\/toweltrend.com\/es\/privacy-policy\/","title":{"rendered":"Pol\u00edtica de privacidad"},"content":{"rendered":"<div data-elementor-type=\"wp-page\" data-elementor-id=\"1703\" class=\"elementor elementor-1703\" data-elementor-post-type=\"page\">\n\t\t\t\t<div class=\"elementor-element elementor-element-226ee42 e-flex e-con-boxed e-con e-parent\" data-id=\"226ee42\" data-element_type=\"container\" data-e-type=\"container\">\n\t\t\t\t\t<div class=\"e-con-inner\">\n\t\t\t\t<div class=\"elementor-element elementor-element-7541cc8 elementor-widget elementor-widget-heading\" data-id=\"7541cc8\" data-element_type=\"widget\" data-e-type=\"widget\" data-widget_type=\"heading.default\">\n\t\t\t\t<div class=\"elementor-widget-container\">\n\t\t\t\t\t<h1 class=\"elementor-heading-title elementor-size-default\">Pol\u00edtica de privacidad de TowelTrend<\/h1>\t\t\t\t<\/div>\n\t\t\t\t<\/div>\n\t\t\t\t<div class=\"elementor-element elementor-element-74becf2 elementor-widget elementor-widget-post-info\" data-id=\"74becf2\" data-element_type=\"widget\" data-e-type=\"widget\" data-widget_type=\"post-info.default\">\n\t\t\t\t<div class=\"elementor-widget-container\">\n\t\t\t\t\t\t\t<ul class=\"elementor-inline-items elementor-icon-list-items elementor-post-info\">\n\t\t\t\t\t\t\t\t<li class=\"elementor-icon-list-item elementor-repeater-item-56edcc2 elementor-inline-item\" itemprop=\"author\">\n\t\t\t\t\t\t\t\t\t\t<span class=\"elementor-icon-list-icon\">\n\t\t\t\t\t\t\t\t<i aria-hidden=\"true\" class=\"far fa-user-circle\"><\/i>\t\t\t\t\t\t\t<\/span>\n\t\t\t\t\t\t\t\t\t<span class=\"elementor-icon-list-text elementor-post-info__item elementor-post-info__item--type-author\">\n\t\t\t\t\t\t\t<span class=\"elementor-post-info__item-prefix\">Por<\/span>\n\t\t\t\t\t\t\t\t\t\tDylan\t\t\t\t\t<\/span>\n\t\t\t\t\t\t\t\t<\/li>\n\t\t\t\t<li class=\"elementor-icon-list-item elementor-repeater-item-f6ecc5a elementor-inline-item\" itemprop=\"datePublished\">\n\t\t\t\t\t\t\t\t\t\t<span class=\"elementor-icon-list-icon\">\n\t\t\t\t\t\t\t\t<i aria-hidden=\"true\" class=\"fas fa-calendar\"><\/i>\t\t\t\t\t\t\t<\/span>\n\t\t\t\t\t\t\t\t\t<span class=\"elementor-icon-list-text elementor-post-info__item elementor-post-info__item--type-date\">\n\t\t\t\t\t\t\t\t\t\t<time>5 de junio de 2024<\/time>\t\t\t\t\t<\/span>\n\t\t\t\t\t\t\t\t<\/li>\n\t\t\t\t<\/ul>\n\t\t\t\t\t\t<\/div>\n\t\t\t\t<\/div>\n\t\t\t\t<div class=\"elementor-element elementor-element-1e023a8 elementor-widget elementor-widget-text-editor\" data-id=\"1e023a8\" data-element_type=\"widget\" data-e-type=\"widget\" data-widget_type=\"text-editor.default\">\n\t\t\t\t<div class=\"elementor-widget-container\">\n\t\t\t\t\t\t\t\t\t<p>Bienvenido a<strong><a href=\"https:\/\/toweltrend.com\/es\/\">\u00a1TowelTrend!<\/a><\/strong><\/p><p>Respetamos su privacidad y nos comprometemos a proteger sus datos personales.<\/p><p>Esta pol\u00edtica de privacidad le informar\u00e1 de c\u00f3mo tratamos sus datos personales cuando visita nuestro sitio web (independientemente de desde d\u00f3nde lo visite) y le explicar\u00e1 sus derechos de privacidad y c\u00f3mo le protege la ley.<\/p><p><strong>1: Informaci\u00f3n importante y qui\u00e9nes somos<\/strong><\/p><p>Prop\u00f3sito de esta pol\u00edtica de privacidad Esta pol\u00edtica de privacidad tiene como objetivo informarte sobre c\u00f3mo TowelTrend recopila y procesa tus datos personales a trav\u00e9s del uso de este sitio web, incluyendo cualquier dato que puedas proporcionar a trav\u00e9s de este sitio cuando env\u00edas una consulta.<\/p><p>Controlador TowelTrend es el controlador y responsable de sus datos personales.<\/p><p>Datos de contacto Si tiene alguna pregunta sobre esta pol\u00edtica de privacidad o nuestras pr\u00e1cticas de privacidad,<br \/>p\u00f3ngase en contacto con nosotros de las siguientes formas: <strong>Direcci\u00f3n de correo electr\u00f3nico: info@toweltrend.com.<\/strong><\/p><p>Cambios en la pol\u00edtica de privacidad Revisamos peri\u00f3dicamente nuestra pol\u00edtica de privacidad. Esta versi\u00f3n se actualiz\u00f3 por \u00faltima vez el 2024\/6\/5. Puede obtener versiones anteriores poni\u00e9ndose en contacto con nosotros.<\/p><p>Enlaces de terceros Este sitio web puede incluir enlaces a sitios web, complementos y aplicaciones de terceros. Hacer clic en esos enlaces o activar esas conexiones puede permitir a terceros recopilar o compartir datos sobre usted. No controlamos estos sitios web de terceros y no somos responsables de sus declaraciones de privacidad.<\/p><p><strong>2: Los datos que recopilamos sobre usted<\/strong><\/p><p>Por datos personales, o informaci\u00f3n personal, se entiende cualquier informaci\u00f3n sobre un individuo a partir de la cual pueda identificarse a esa persona. Recopilamos, utilizamos, almacenamos y transferimos diferentes tipos de datos personales sobre usted, que hemos agrupado del siguiente modo:<\/p><p>Los datos de identidad incluyen nombre y apellidos.<br \/>Los datos de contacto incluyen la direcci\u00f3n de correo electr\u00f3nico y los n\u00fameros de tel\u00e9fono.<br \/>No recogemos ninguna Categor\u00eda Especial de Datos Personales sobre usted (esto incluye detalles sobre su raza o etnia, creencias religiosas o filos\u00f3ficas, vida sexual, orientaci\u00f3n sexual, opiniones pol\u00edticas, afiliaci\u00f3n sindical, informaci\u00f3n sobre su salud y datos gen\u00e9ticos y biom\u00e9tricos). Tampoco recopilamos informaci\u00f3n sobre condenas y delitos penales.<\/p><p><strong>3: \u00bfC\u00f3mo se recogen sus datos personales?<\/strong><\/p><p>Utilizamos diferentes m\u00e9todos para recopilar datos suyos y sobre usted:<\/p><p>Interacciones directas. Puede facilitarnos su identidad y contacto rellenando formularios o manteniendo correspondencia con nosotros por correo electr\u00f3nico. Esto incluye los datos personales que nos facilite cuando<br \/>env\u00ede una consulta a trav\u00e9s de nuestro sitio web.<\/p><p><strong>4: C\u00f3mo utilizamos sus datos personales<\/strong><\/p><p>S\u00f3lo utilizaremos sus datos personales cuando la ley nos lo permita. Lo m\u00e1s habitual es que utilicemos sus datos personales en las siguientes circunstancias:<\/p><p>Cuando necesitemos cumplir un contrato que vayamos a celebrar o hayamos celebrado con usted.<br \/>Cuando sea necesario para nuestros intereses leg\u00edtimos (o los de un tercero) y sus intereses y derechos fundamentales no prevalezcan sobre dichos intereses.<br \/>Cuando debamos cumplir una obligaci\u00f3n legal.<\/p><p>Utilizamos sus datos de identidad y de contacto para formarnos una opini\u00f3n sobre lo que pensamos que puede querer o necesitar, o sobre lo que puede interesarle.<\/p><p><strong>5: Seguridad de los datos<\/strong><\/p><p>Hemos establecido medidas de seguridad adecuadas para evitar que sus datos personales se pierdan accidentalmente, se utilicen o se acceda a ellos de forma no autorizada, se alteren o se divulguen. Limitamos el acceso a sus datos personales a aquellos empleados, agentes, contratistas y otros terceros que tengan una necesidad comercial de conocerlos. S\u00f3lo tratar\u00e1n sus datos personales siguiendo nuestras instrucciones, y est\u00e1n sujetos a un deber de confidencialidad.<\/p><p><strong>6: Conservaci\u00f3n de datos<\/strong><\/p><p>S\u00f3lo conservaremos sus datos personales durante el tiempo necesario para cumplir los fines para los que los recopilamos, incluido el cumplimiento de cualquier requisito legal, contable o de informaci\u00f3n.<\/p><p><strong>7: Sus derechos legales<\/strong><\/p><p>En determinadas circunstancias, usted tiene derechos en virtud de la legislaci\u00f3n de protecci\u00f3n de datos en relaci\u00f3n con sus datos personales, incluido el derecho a solicitar el acceso, la rectificaci\u00f3n, la supresi\u00f3n, la limitaci\u00f3n, la transferencia, a oponerse al tratamiento, a la portabilidad de los datos y (cuando el fundamento jur\u00eddico del tratamiento sea el consentimiento) a retirar el consentimiento.<\/p>\t\t\t\t\t\t\t\t<\/div>\n\t\t\t\t<\/div>\n\t\t\t\t\t<\/div>\n\t\t\t\t<\/div>\n\t\t\t\t<\/div>","protected":false},"excerpt":{"rendered":"<p>Privacy Policy of TowelTrend Welcome toTowelTrend! We respect your privacy and are committed to protecting your personal data. This privacy policy will inform you how we handle your personal data when you visit our website (regardless of where you visit it from) and tell you about your privacy rights and how the law protects you. [&hellip;]<\/p>\n","protected":false},"author":1,"featured_media":0,"parent":0,"menu_order":0,"comment_status":"closed","ping_status":"closed","template":"","meta":{"footnotes":""},"class_list":["post-1703","page","type-page","status-publish","hentry"],"_links":{"self":[{"href":"https:\/\/toweltrend.com\/es\/wp-json\/wp\/v2\/pages\/1703","targetHints":{"allow":["GET"]}}],"collection":[{"href":"https:\/\/toweltrend.com\/es\/wp-json\/wp\/v2\/pages"}],"about":[{"href":"https:\/\/toweltrend.com\/es\/wp-json\/wp\/v2\/types\/page"}],"author":[{"embeddable":true,"href":"https:\/\/toweltrend.com\/es\/wp-json\/wp\/v2\/users\/1"}],"replies":[{"embeddable":true,"href":"https:\/\/toweltrend.com\/es\/wp-json\/wp\/v2\/comments?post=1703"}],"version-history":[{"count":34,"href":"https:\/\/toweltrend.com\/es\/wp-json\/wp\/v2\/pages\/1703\/revisions"}],"predecessor-version":[{"id":3577,"href":"https:\/\/toweltrend.com\/es\/wp-json\/wp\/v2\/pages\/1703\/revisions\/3577"}],"wp:attachment":[{"href":"https:\/\/toweltrend.com\/es\/wp-json\/wp\/v2\/media?parent=1703"}],"curies":[{"name":"wp","href":"https:\/\/api.w.org\/{rel}","templated":true}]}}