{"id":1739,"date":"2024-06-06T00:14:46","date_gmt":"2024-06-05T16:14:46","guid":{"rendered":"https:\/\/toweltrend.com\/?page_id=1739"},"modified":"2025-06-28T15:49:42","modified_gmt":"2025-06-28T07:49:42","slug":"condiciones-del-servicio","status":"publish","type":"page","link":"https:\/\/toweltrend.com\/es\/terms-of-service\/","title":{"rendered":"Condiciones de uso"},"content":{"rendered":"<div data-elementor-type=\"wp-page\" data-elementor-id=\"1739\" class=\"elementor elementor-1739\" data-elementor-post-type=\"page\">\n\t\t\t\t<div class=\"elementor-element elementor-element-7e23869 e-flex e-con-boxed e-con e-parent\" data-id=\"7e23869\" data-element_type=\"container\" data-e-type=\"container\">\n\t\t\t\t\t<div class=\"e-con-inner\">\n\t\t\t\t<div class=\"elementor-element elementor-element-bc149d7 elementor-widget elementor-widget-heading\" data-id=\"bc149d7\" data-element_type=\"widget\" data-e-type=\"widget\" data-widget_type=\"heading.default\">\n\t\t\t\t<div class=\"elementor-widget-container\">\n\t\t\t\t\t<h1 class=\"elementor-heading-title elementor-size-default\">Condiciones de uso de TowelTrend<\/h1>\t\t\t\t<\/div>\n\t\t\t\t<\/div>\n\t\t\t\t<div class=\"elementor-element elementor-element-821c29a elementor-widget elementor-widget-post-info\" data-id=\"821c29a\" data-element_type=\"widget\" data-e-type=\"widget\" data-widget_type=\"post-info.default\">\n\t\t\t\t<div class=\"elementor-widget-container\">\n\t\t\t\t\t\t\t<ul class=\"elementor-inline-items elementor-icon-list-items elementor-post-info\">\n\t\t\t\t\t\t\t\t<li class=\"elementor-icon-list-item elementor-repeater-item-e13808a elementor-inline-item\" itemprop=\"author\">\n\t\t\t\t\t\t\t\t\t\t<span class=\"elementor-icon-list-icon\">\n\t\t\t\t\t\t\t\t<i aria-hidden=\"true\" class=\"far fa-user-circle\"><\/i>\t\t\t\t\t\t\t<\/span>\n\t\t\t\t\t\t\t\t\t<span class=\"elementor-icon-list-text elementor-post-info__item elementor-post-info__item--type-author\">\n\t\t\t\t\t\t\t<span class=\"elementor-post-info__item-prefix\">Por<\/span>\n\t\t\t\t\t\t\t\t\t\tDylan\t\t\t\t\t<\/span>\n\t\t\t\t\t\t\t\t<\/li>\n\t\t\t\t<li class=\"elementor-icon-list-item elementor-repeater-item-850815c elementor-inline-item\" itemprop=\"datePublished\">\n\t\t\t\t\t\t\t\t\t\t<span class=\"elementor-icon-list-icon\">\n\t\t\t\t\t\t\t\t<i aria-hidden=\"true\" class=\"fas fa-calendar\"><\/i>\t\t\t\t\t\t\t<\/span>\n\t\t\t\t\t\t\t\t\t<span class=\"elementor-icon-list-text elementor-post-info__item elementor-post-info__item--type-date\">\n\t\t\t\t\t\t\t\t\t\t<time>6 de junio de 2024<\/time>\t\t\t\t\t<\/span>\n\t\t\t\t\t\t\t\t<\/li>\n\t\t\t\t<\/ul>\n\t\t\t\t\t\t<\/div>\n\t\t\t\t<\/div>\n\t\t\t\t<div class=\"elementor-element elementor-element-5b0430c elementor-widget elementor-widget-text-editor\" data-id=\"5b0430c\" data-element_type=\"widget\" data-e-type=\"widget\" data-widget_type=\"text-editor.default\">\n\t\t\t\t<div class=\"elementor-widget-container\">\n\t\t\t\t\t\t\t\t\t<p><strong>1. Introducci\u00f3n<br \/><\/strong><br \/>Bienvenido a TowelTrend.<\/p><p>Las presentes Condiciones de Servicio (\"Condiciones\") regulan el uso de nuestro sitio web, ubicado en toweltrend.com, que facilita las consultas comerciales relativas a nuestras toallas.<\/p><p>Al utilizar nuestro Sitio Web, usted acepta estas Condiciones y nuestro <a href=\"https:\/\/toweltrend.com\/es\/politica-de-privacidad\/\">Pol\u00edtica de privacidad.<\/a><\/p><p><strong>2. Acerca de TowelTrend<br \/><\/strong><br \/>TowelTrend es un fabricante de toallas con sede en China, especializado en productos de alta calidad para la exportaci\u00f3n mundial a trav\u00e9s de transacciones entre empresas (B2B).<\/p><p><strong>3. 3. Acuerdo de usuario<\/strong><br \/>Al acceder a nuestro sitio web o utilizarlo, usted acepta las presentes Condiciones.<\/p><p><strong>4. Presentaci\u00f3n de consultas<br \/><\/strong><br \/>4.1 Informaci\u00f3n necesaria: Para realizar una consulta en nuestro Sitio Web, se le pedir\u00e1 que proporcione su nombre, n\u00famero de tel\u00e9fono y direcci\u00f3n de correo electr\u00f3nico. Esta informaci\u00f3n debe ser exacta y actual.<\/p><p>4.2 Uso de la informaci\u00f3n: La informaci\u00f3n que nos facilite se utilizar\u00e1 \u00fanicamente para responder a su consulta y se tratar\u00e1 de acuerdo con nuestra Pol\u00edtica de Privacidad.<\/p><p><strong>5. 5. Derechos de propiedad intelectual<\/strong><\/p><p>5.1 Propiedad del contenido: Todo el contenido de nuestro Sitio Web, incluyendo textos, gr\u00e1ficos, logotipos e im\u00e1genes, es propiedad de TowelTrend o se utiliza con permiso y est\u00e1 protegido por las leyes de propiedad intelectual.<\/p><p>5.2 Restricciones: No podr\u00e1 utilizar ning\u00fan contenido de nuestro Sitio Web sin nuestra autorizaci\u00f3n expresa por escrito.<\/p><p><strong>6. Conducta prohibida<\/strong><\/p><p>Usted se compromete a no utilizar el Sitio Web para actividades il\u00edcitas o de forma que pueda da\u00f1ar, inutilizar, sobrecargar o deteriorar el Sitio Web o interferir en el uso y disfrute del Sitio Web por terceros.<\/p><p><strong>7. Limitaci\u00f3n de responsabilidad<\/strong><\/p><p>TowelTrend no ser\u00e1 responsable de ning\u00fan da\u00f1o indirecto, incidental, especial, consecuencial o punitivo que resulte de tu uso o incapacidad de uso de nuestra Web.<\/p><p><strong>8. Indemnizaci\u00f3n<\/strong><\/p><p>Aceptas indemnizar y mantener indemne a TowelTrend y a sus afiliados, empleados, agentes y licenciantes frente a cualquier reclamaci\u00f3n o demanda interpuesta por terceros debido al uso que hagas de la Web o que se derive del mismo.<\/p><p><strong>9. Cambios en las condiciones<\/strong><\/p><p>TowelTrend se reserva el derecho a modificar estas Condiciones en cualquier momento. El uso continuado de la Web despu\u00e9s de cualquier modificaci\u00f3n constituye tu aceptaci\u00f3n de las nuevas Condiciones.<\/p><p><strong>10. Derecho aplicable<\/strong><\/p><p>Estas Condiciones se regir\u00e1n por la legislaci\u00f3n de China, sin tener en cuenta los principios de conflicto de leyes.<\/p><p><strong>11. Contacto<\/strong><\/p><p>Si tiene alguna pregunta sobre estas Condiciones, p\u00f3ngase en contacto con nosotros en <strong>info@toweltrend.com.<\/strong><\/p>\t\t\t\t\t\t\t\t<\/div>\n\t\t\t\t<\/div>\n\t\t\t\t\t<\/div>\n\t\t\t\t<\/div>\n\t\t\t\t<\/div>","protected":false},"excerpt":{"rendered":"<p>Terms of Service for TowelTrend 1. IntroductionWelcome to TowelTrend. These Terms of Service (\u201cTerms\u201d) govern your use of our website located at toweltrend.com, which facilitates business inquiries regarding our towels. By using our Website, you agree to these Terms and our Privacy Policy. 2. About TowelTrendTowelTrend is a towel manufacturer based in China, specializing in [&hellip;]<\/p>\n","protected":false},"author":1,"featured_media":0,"parent":0,"menu_order":0,"comment_status":"closed","ping_status":"closed","template":"","meta":{"footnotes":""},"class_list":["post-1739","page","type-page","status-publish","hentry"],"_links":{"self":[{"href":"https:\/\/toweltrend.com\/es\/wp-json\/wp\/v2\/pages\/1739","targetHints":{"allow":["GET"]}}],"collection":[{"href":"https:\/\/toweltrend.com\/es\/wp-json\/wp\/v2\/pages"}],"about":[{"href":"https:\/\/toweltrend.com\/es\/wp-json\/wp\/v2\/types\/page"}],"author":[{"embeddable":true,"href":"https:\/\/toweltrend.com\/es\/wp-json\/wp\/v2\/users\/1"}],"replies":[{"embeddable":true,"href":"https:\/\/toweltrend.com\/es\/wp-json\/wp\/v2\/comments?post=1739"}],"version-history":[{"count":38,"href":"https:\/\/toweltrend.com\/es\/wp-json\/wp\/v2\/pages\/1739\/revisions"}],"predecessor-version":[{"id":3367,"href":"https:\/\/toweltrend.com\/es\/wp-json\/wp\/v2\/pages\/1739\/revisions\/3367"}],"wp:attachment":[{"href":"https:\/\/toweltrend.com\/es\/wp-json\/wp\/v2\/media?parent=1739"}],"curies":[{"name":"wp","href":"https:\/\/api.w.org\/{rel}","templated":true}]}}