{"id":1703,"date":"2024-06-05T23:51:16","date_gmt":"2024-06-05T15:51:16","guid":{"rendered":"https:\/\/toweltrend.com\/?page_id=1703"},"modified":"2025-07-11T21:31:42","modified_gmt":"2025-07-11T13:31:42","slug":"politique-de-confidentialite","status":"publish","type":"page","link":"https:\/\/toweltrend.com\/fr\/privacy-policy\/","title":{"rendered":"Politique de confidentialit\u00e9"},"content":{"rendered":"<div data-elementor-type=\"wp-page\" data-elementor-id=\"1703\" class=\"elementor elementor-1703\" data-elementor-post-type=\"page\">\n\t\t\t\t<div class=\"elementor-element elementor-element-226ee42 e-flex e-con-boxed e-con e-parent\" data-id=\"226ee42\" data-element_type=\"container\" data-e-type=\"container\">\n\t\t\t\t\t<div class=\"e-con-inner\">\n\t\t\t\t<div class=\"elementor-element elementor-element-7541cc8 elementor-widget elementor-widget-heading\" data-id=\"7541cc8\" data-element_type=\"widget\" data-e-type=\"widget\" data-widget_type=\"heading.default\">\n\t\t\t\t<div class=\"elementor-widget-container\">\n\t\t\t\t\t<h1 class=\"elementor-heading-title elementor-size-default\">Politique de confidentialit\u00e9 de TowelTrend<\/h1>\t\t\t\t<\/div>\n\t\t\t\t<\/div>\n\t\t\t\t<div class=\"elementor-element elementor-element-74becf2 elementor-widget elementor-widget-post-info\" data-id=\"74becf2\" data-element_type=\"widget\" data-e-type=\"widget\" data-widget_type=\"post-info.default\">\n\t\t\t\t<div class=\"elementor-widget-container\">\n\t\t\t\t\t\t\t<ul class=\"elementor-inline-items elementor-icon-list-items elementor-post-info\">\n\t\t\t\t\t\t\t\t<li class=\"elementor-icon-list-item elementor-repeater-item-56edcc2 elementor-inline-item\" itemprop=\"author\">\n\t\t\t\t\t\t\t\t\t\t<span class=\"elementor-icon-list-icon\">\n\t\t\t\t\t\t\t\t<i aria-hidden=\"true\" class=\"far fa-user-circle\"><\/i>\t\t\t\t\t\t\t<\/span>\n\t\t\t\t\t\t\t\t\t<span class=\"elementor-icon-list-text elementor-post-info__item elementor-post-info__item--type-author\">\n\t\t\t\t\t\t\t<span class=\"elementor-post-info__item-prefix\">Par<\/span>\n\t\t\t\t\t\t\t\t\t\tDylan\t\t\t\t\t<\/span>\n\t\t\t\t\t\t\t\t<\/li>\n\t\t\t\t<li class=\"elementor-icon-list-item elementor-repeater-item-f6ecc5a elementor-inline-item\" itemprop=\"datePublished\">\n\t\t\t\t\t\t\t\t\t\t<span class=\"elementor-icon-list-icon\">\n\t\t\t\t\t\t\t\t<i aria-hidden=\"true\" class=\"fas fa-calendar\"><\/i>\t\t\t\t\t\t\t<\/span>\n\t\t\t\t\t\t\t\t\t<span class=\"elementor-icon-list-text elementor-post-info__item elementor-post-info__item--type-date\">\n\t\t\t\t\t\t\t\t\t\t<time>5 juin 2024<\/time>\t\t\t\t\t<\/span>\n\t\t\t\t\t\t\t\t<\/li>\n\t\t\t\t<\/ul>\n\t\t\t\t\t\t<\/div>\n\t\t\t\t<\/div>\n\t\t\t\t<div class=\"elementor-element elementor-element-1e023a8 elementor-widget elementor-widget-text-editor\" data-id=\"1e023a8\" data-element_type=\"widget\" data-e-type=\"widget\" data-widget_type=\"text-editor.default\">\n\t\t\t\t<div class=\"elementor-widget-container\">\n\t\t\t\t\t\t\t\t\t<p>Bienvenue \u00e0<strong><a href=\"https:\/\/toweltrend.com\/fr\/\">Tendance serviettes !<\/a><\/strong><\/p><p>Nous respectons votre vie priv\u00e9e et nous nous engageons \u00e0 prot\u00e9ger vos donn\u00e9es personnelles.<\/p><p>Cette politique de confidentialit\u00e9 vous informe sur la mani\u00e8re dont nous traitons vos donn\u00e9es personnelles lorsque vous visitez notre site web (quel que soit l'endroit d'o\u00f9 vous le visitez) et vous renseigne sur vos droits en mati\u00e8re de confidentialit\u00e9 et sur la mani\u00e8re dont la loi vous prot\u00e8ge.<\/p><p><strong>1 : Informations importantes et qui nous sommes<\/strong><\/p><p>Objectif de cette politique de confidentialit\u00e9 Cette politique de confidentialit\u00e9 vise \u00e0 vous donner des informations sur la mani\u00e8re dont TowelTrend recueille et traite vos donn\u00e9es personnelles dans le cadre de votre utilisation de ce site Web, y compris les donn\u00e9es que vous pouvez fournir par l'interm\u00e9diaire de ce site lorsque vous soumettez une demande.<\/p><p>Contr\u00f4leur TowelTrend est le contr\u00f4leur et responsable de vos donn\u00e9es personnelles.<\/p><p>Coordonn\u00e9es Si vous avez des questions concernant cette politique de confidentialit\u00e9 ou nos pratiques en mati\u00e8re de confidentialit\u00e9,<br \/>veuillez nous contacter de la mani\u00e8re suivante : <strong>Adresse \u00e9lectronique : info@toweltrend.com.<\/strong><\/p><p>Modifications de la politique de confidentialit\u00e9 Nous r\u00e9visons r\u00e9guli\u00e8rement notre politique de confidentialit\u00e9. Cette version a \u00e9t\u00e9 mise \u00e0 jour pour la derni\u00e8re fois le 2024\/6\/5. Les versions ant\u00e9rieures peuvent \u00eatre obtenues en nous contactant.<\/p><p>Liens avec des tiers Ce site web peut inclure des liens vers des sites web, des plug-ins et des applications de tiers. Le fait de cliquer sur ces liens ou d'activer ces connexions peut permettre \u00e0 des tiers de collecter ou de partager des donn\u00e9es vous concernant. Nous ne contr\u00f4lons pas ces sites web tiers et ne sommes pas responsables de leurs d\u00e9clarations de confidentialit\u00e9.<\/p><p><strong>2 : Les donn\u00e9es que nous recueillons \u00e0 votre sujet<\/strong><\/p><p>Les donn\u00e9es \u00e0 caract\u00e8re personnel, ou informations personnelles, d\u00e9signent toute information sur une personne \u00e0 partir de laquelle cette personne peut \u00eatre identifi\u00e9e. Nous collectons, utilisons, stockons et transf\u00e9rons diff\u00e9rents types de donn\u00e9es \u00e0 caract\u00e8re personnel vous concernant, que nous avons regroup\u00e9es comme suit :<\/p><p>Les donn\u00e9es d'identit\u00e9 comprennent le pr\u00e9nom et le nom de famille.<br \/>Les donn\u00e9es de contact comprennent l'adresse \u00e9lectronique et les num\u00e9ros de t\u00e9l\u00e9phone.<br \/>Nous ne recueillons aucune cat\u00e9gorie particuli\u00e8re de donn\u00e9es \u00e0 caract\u00e8re personnel vous concernant (notamment des informations sur votre race ou votre appartenance ethnique, vos croyances religieuses ou philosophiques, votre vie sexuelle, votre orientation sexuelle, vos opinions politiques, votre appartenance \u00e0 un syndicat, des informations sur votre sant\u00e9, ainsi que des donn\u00e9es g\u00e9n\u00e9tiques et biom\u00e9triques). Nous ne recueillons pas non plus d'informations sur les condamnations p\u00e9nales et les infractions.<\/p><p><strong>3 : Comment vos donn\u00e9es personnelles sont-elles collect\u00e9es ?<\/strong><\/p><p>Nous utilisons diff\u00e9rentes m\u00e9thodes pour collecter des donn\u00e9es aupr\u00e8s de vous et \u00e0 votre sujet, notamment par le biais de :<\/p><p>Interactions directes. Vous pouvez nous communiquer votre identit\u00e9 et vos coordonn\u00e9es en remplissant des formulaires ou en correspondant avec nous par courrier \u00e9lectronique. Il s'agit notamment des donn\u00e9es \u00e0 caract\u00e8re personnel que vous fournissez lorsque vous :<br \/>soumettre une demande de renseignements par le biais de notre site web.<\/p><p><strong>4 : Comment nous utilisons vos donn\u00e9es personnelles<\/strong><\/p><p>Nous n'utiliserons vos donn\u00e9es personnelles que si la loi nous y autorise. Le plus souvent, nous utiliserons vos donn\u00e9es personnelles dans les circonstances suivantes :<\/p><p>lorsque nous devons ex\u00e9cuter un contrat que nous sommes sur le point de conclure ou que nous avons conclu avec vous.<br \/>Lorsque cela est n\u00e9cessaire pour nos int\u00e9r\u00eats l\u00e9gitimes (ou ceux d'un tiers) et que vos int\u00e9r\u00eats et vos droits fondamentaux ne pr\u00e9valent pas sur ces int\u00e9r\u00eats.<br \/>lorsque nous devons nous conformer \u00e0 une obligation l\u00e9gale.<\/p><p>Nous utilisons votre identit\u00e9 et vos donn\u00e9es de contact pour nous faire une id\u00e9e de ce que nous pensons que vous voulez ou avez besoin, ou de ce qui pourrait vous int\u00e9resser.<\/p><p><strong>5 : S\u00e9curit\u00e9 des donn\u00e9es<\/strong><\/p><p>Nous avons mis en place des mesures de s\u00e9curit\u00e9 appropri\u00e9es pour \u00e9viter que vos donn\u00e9es \u00e0 caract\u00e8re personnel ne soient accidentellement perdues, utilis\u00e9es ou consult\u00e9es de mani\u00e8re non autoris\u00e9e, modifi\u00e9es ou divulgu\u00e9es. Nous limitons l'acc\u00e8s \u00e0 vos donn\u00e9es \u00e0 caract\u00e8re personnel aux employ\u00e9s, agents, sous-traitants et autres tiers qui ont un besoin professionnel de les conna\u00eetre. Ils ne traiteront vos donn\u00e9es personnelles que sur nos instructions et sont soumis \u00e0 un devoir de confidentialit\u00e9.<\/p><p><strong>6 : Conservation des donn\u00e9es<\/strong><\/p><p>Nous ne conserverons vos donn\u00e9es personnelles qu'aussi longtemps que n\u00e9cessaire pour atteindre les objectifs pour lesquels nous les avons collect\u00e9es, y compris pour satisfaire aux exigences l\u00e9gales, comptables ou de reporting.<\/p><p><strong>7 : Vos droits juridiques<\/strong><\/p><p>Dans certaines circonstances, vous avez des droits en vertu des lois sur la protection des donn\u00e9es en ce qui concerne vos donn\u00e9es \u00e0 caract\u00e8re personnel, y compris le droit de demander l'acc\u00e8s, la correction, l'effacement, la restriction, le transfert, de s'opposer au traitement, la portabilit\u00e9 des donn\u00e9es, et (lorsque le motif l\u00e9gal du traitement est le consentement) de retirer le consentement.<\/p>\t\t\t\t\t\t\t\t<\/div>\n\t\t\t\t<\/div>\n\t\t\t\t\t<\/div>\n\t\t\t\t<\/div>\n\t\t\t\t<\/div>","protected":false},"excerpt":{"rendered":"<p>Privacy Policy of TowelTrend Welcome toTowelTrend! We respect your privacy and are committed to protecting your personal data. This privacy policy will inform you how we handle your personal data when you visit our website (regardless of where you visit it from) and tell you about your privacy rights and how the law protects you. [&hellip;]<\/p>\n","protected":false},"author":1,"featured_media":0,"parent":0,"menu_order":0,"comment_status":"closed","ping_status":"closed","template":"","meta":{"footnotes":""},"class_list":["post-1703","page","type-page","status-publish","hentry"],"_links":{"self":[{"href":"https:\/\/toweltrend.com\/fr\/wp-json\/wp\/v2\/pages\/1703","targetHints":{"allow":["GET"]}}],"collection":[{"href":"https:\/\/toweltrend.com\/fr\/wp-json\/wp\/v2\/pages"}],"about":[{"href":"https:\/\/toweltrend.com\/fr\/wp-json\/wp\/v2\/types\/page"}],"author":[{"embeddable":true,"href":"https:\/\/toweltrend.com\/fr\/wp-json\/wp\/v2\/users\/1"}],"replies":[{"embeddable":true,"href":"https:\/\/toweltrend.com\/fr\/wp-json\/wp\/v2\/comments?post=1703"}],"version-history":[{"count":34,"href":"https:\/\/toweltrend.com\/fr\/wp-json\/wp\/v2\/pages\/1703\/revisions"}],"predecessor-version":[{"id":3577,"href":"https:\/\/toweltrend.com\/fr\/wp-json\/wp\/v2\/pages\/1703\/revisions\/3577"}],"wp:attachment":[{"href":"https:\/\/toweltrend.com\/fr\/wp-json\/wp\/v2\/media?parent=1703"}],"curies":[{"name":"wp","href":"https:\/\/api.w.org\/{rel}","templated":true}]}}