{"id":1739,"date":"2024-06-06T00:14:46","date_gmt":"2024-06-05T16:14:46","guid":{"rendered":"https:\/\/toweltrend.com\/?page_id=1739"},"modified":"2025-06-28T15:49:42","modified_gmt":"2025-06-28T07:49:42","slug":"conditions-de-service","status":"publish","type":"page","link":"https:\/\/toweltrend.com\/fr\/terms-of-service\/","title":{"rendered":"Conditions d'utilisation"},"content":{"rendered":"<div data-elementor-type=\"wp-page\" data-elementor-id=\"1739\" class=\"elementor elementor-1739\" data-elementor-post-type=\"page\">\n\t\t\t\t<div class=\"elementor-element elementor-element-7e23869 e-flex e-con-boxed e-con e-parent\" data-id=\"7e23869\" data-element_type=\"container\" data-e-type=\"container\">\n\t\t\t\t\t<div class=\"e-con-inner\">\n\t\t\t\t<div class=\"elementor-element elementor-element-bc149d7 elementor-widget elementor-widget-heading\" data-id=\"bc149d7\" data-element_type=\"widget\" data-e-type=\"widget\" data-widget_type=\"heading.default\">\n\t\t\t\t<div class=\"elementor-widget-container\">\n\t\t\t\t\t<h1 class=\"elementor-heading-title elementor-size-default\">Conditions d'utilisation de TowelTrend<\/h1>\t\t\t\t<\/div>\n\t\t\t\t<\/div>\n\t\t\t\t<div class=\"elementor-element elementor-element-821c29a elementor-widget elementor-widget-post-info\" data-id=\"821c29a\" data-element_type=\"widget\" data-e-type=\"widget\" data-widget_type=\"post-info.default\">\n\t\t\t\t<div class=\"elementor-widget-container\">\n\t\t\t\t\t\t\t<ul class=\"elementor-inline-items elementor-icon-list-items elementor-post-info\">\n\t\t\t\t\t\t\t\t<li class=\"elementor-icon-list-item elementor-repeater-item-e13808a elementor-inline-item\" itemprop=\"author\">\n\t\t\t\t\t\t\t\t\t\t<span class=\"elementor-icon-list-icon\">\n\t\t\t\t\t\t\t\t<i aria-hidden=\"true\" class=\"far fa-user-circle\"><\/i>\t\t\t\t\t\t\t<\/span>\n\t\t\t\t\t\t\t\t\t<span class=\"elementor-icon-list-text elementor-post-info__item elementor-post-info__item--type-author\">\n\t\t\t\t\t\t\t<span class=\"elementor-post-info__item-prefix\">Par<\/span>\n\t\t\t\t\t\t\t\t\t\tDylan\t\t\t\t\t<\/span>\n\t\t\t\t\t\t\t\t<\/li>\n\t\t\t\t<li class=\"elementor-icon-list-item elementor-repeater-item-850815c elementor-inline-item\" itemprop=\"datePublished\">\n\t\t\t\t\t\t\t\t\t\t<span class=\"elementor-icon-list-icon\">\n\t\t\t\t\t\t\t\t<i aria-hidden=\"true\" class=\"fas fa-calendar\"><\/i>\t\t\t\t\t\t\t<\/span>\n\t\t\t\t\t\t\t\t\t<span class=\"elementor-icon-list-text elementor-post-info__item elementor-post-info__item--type-date\">\n\t\t\t\t\t\t\t\t\t\t<time>6 juin 2024<\/time>\t\t\t\t\t<\/span>\n\t\t\t\t\t\t\t\t<\/li>\n\t\t\t\t<\/ul>\n\t\t\t\t\t\t<\/div>\n\t\t\t\t<\/div>\n\t\t\t\t<div class=\"elementor-element elementor-element-5b0430c elementor-widget elementor-widget-text-editor\" data-id=\"5b0430c\" data-element_type=\"widget\" data-e-type=\"widget\" data-widget_type=\"text-editor.default\">\n\t\t\t\t<div class=\"elementor-widget-container\">\n\t\t\t\t\t\t\t\t\t<p><strong>1. Introduction<br \/><\/strong><br \/>Bienvenue sur TowelTrend.<\/p><p>Les pr\u00e9sentes conditions de service (\"conditions\") r\u00e9gissent votre utilisation de notre site web situ\u00e9 \u00e0 l'adresse toweltrend.com, qui facilite les demandes d'informations commerciales concernant nos serviettes.<\/p><p>En utilisant notre site web, vous acceptez les pr\u00e9sentes conditions et notre politique de confidentialit\u00e9. <a href=\"https:\/\/toweltrend.com\/fr\/politique-de-confidentialite\/\">Politique de confidentialit\u00e9.<\/a><\/p><p><strong>2. A propos de TowelTrend<br \/><\/strong><br \/>TowelTrend est un fabricant de serviettes de bain bas\u00e9 en Chine, sp\u00e9cialis\u00e9 dans les produits de haute qualit\u00e9 destin\u00e9s \u00e0 l'exportation mondiale par le biais de transactions interentreprises (B2B).<\/p><p><strong>3. Accord d'utilisation<\/strong><br \/>En acc\u00e9dant \u00e0 notre site web ou en l'utilisant, vous signifiez votre acceptation des pr\u00e9sentes conditions.<\/p><p><strong>4. Soumission d'une demande de renseignements<br \/><\/strong><br \/>4.1 Informations requises : Pour soumettre une demande sur notre site web, vous devrez fournir votre nom, votre num\u00e9ro de t\u00e9l\u00e9phone et votre adresse \u00e9lectronique. Ces informations doivent \u00eatre exactes et \u00e0 jour.<\/p><p>4.2 Utilisation des informations : Les informations que vous fournissez seront utilis\u00e9es uniquement pour r\u00e9pondre \u00e0 votre demande et seront trait\u00e9es conform\u00e9ment \u00e0 notre politique de confidentialit\u00e9.<\/p><p><strong>5. Droits de propri\u00e9t\u00e9 intellectuelle<\/strong><\/p><p>5.1 Propri\u00e9t\u00e9 du contenu : Tout le contenu de notre site Web, y compris les textes, les graphiques, les logos et les images, est soit la propri\u00e9t\u00e9 de TowelTrend, soit utilis\u00e9 avec autorisation, et est prot\u00e9g\u00e9 par les lois sur la propri\u00e9t\u00e9 intellectuelle.<\/p><p>5.2 Restrictions : Vous ne pouvez pas utiliser le contenu de notre site web sans notre autorisation \u00e9crite expresse.<\/p><p><strong>6. Conduite interdite<\/strong><\/p><p>Vous acceptez de ne pas utiliser le site web pour des activit\u00e9s ill\u00e9gales ou d'une mani\u00e8re susceptible d'endommager, de d\u00e9sactiver, de surcharger ou d'alt\u00e9rer le site web ou d'interf\u00e9rer avec l'utilisation et la jouissance du site web par d'autres parties.<\/p><p><strong>7. Limitation de la responsabilit\u00e9<\/strong><\/p><p>TowelTrend ne peut \u00eatre tenu responsable des dommages indirects, accessoires, sp\u00e9ciaux, cons\u00e9cutifs ou punitifs r\u00e9sultant de l'utilisation ou de l'incapacit\u00e9 d'utilisation de notre site Web.<\/p><p><strong>8. Indemnisation<\/strong><\/p><p>Vous acceptez d'indemniser et de d\u00e9gager de toute responsabilit\u00e9 TowelTrend et ses soci\u00e9t\u00e9s affili\u00e9es, employ\u00e9s, agents et conc\u00e9dants de licence en cas de r\u00e9clamation ou de demande formul\u00e9e par un tiers en raison de votre utilisation du site Web ou d\u00e9coulant de celle-ci.<\/p><p><strong>9. Modifications des conditions<\/strong><\/p><p>TowelTrend se r\u00e9serve le droit de modifier ces conditions \u00e0 tout moment. En continuant d'utiliser le site Web apr\u00e8s une telle modification, vous acceptez les nouvelles conditions.<\/p><p><strong>10. Droit applicable<\/strong><\/p><p>Les pr\u00e9sentes conditions sont r\u00e9gies par les lois de la Chine, sans tenir compte des principes de conflit de lois.<\/p><p><strong>11. Nous contacter<\/strong><\/p><p>Si vous avez des questions concernant ces conditions, veuillez nous contacter \u00e0 l'adresse suivante <strong>info@toweltrend.com.<\/strong><\/p>\t\t\t\t\t\t\t\t<\/div>\n\t\t\t\t<\/div>\n\t\t\t\t\t<\/div>\n\t\t\t\t<\/div>\n\t\t\t\t<\/div>","protected":false},"excerpt":{"rendered":"<p>Terms of Service for TowelTrend 1. IntroductionWelcome to TowelTrend. These Terms of Service (\u201cTerms\u201d) govern your use of our website located at toweltrend.com, which facilitates business inquiries regarding our towels. By using our Website, you agree to these Terms and our Privacy Policy. 2. About TowelTrendTowelTrend is a towel manufacturer based in China, specializing in [&hellip;]<\/p>\n","protected":false},"author":1,"featured_media":0,"parent":0,"menu_order":0,"comment_status":"closed","ping_status":"closed","template":"","meta":{"footnotes":""},"class_list":["post-1739","page","type-page","status-publish","hentry"],"_links":{"self":[{"href":"https:\/\/toweltrend.com\/fr\/wp-json\/wp\/v2\/pages\/1739","targetHints":{"allow":["GET"]}}],"collection":[{"href":"https:\/\/toweltrend.com\/fr\/wp-json\/wp\/v2\/pages"}],"about":[{"href":"https:\/\/toweltrend.com\/fr\/wp-json\/wp\/v2\/types\/page"}],"author":[{"embeddable":true,"href":"https:\/\/toweltrend.com\/fr\/wp-json\/wp\/v2\/users\/1"}],"replies":[{"embeddable":true,"href":"https:\/\/toweltrend.com\/fr\/wp-json\/wp\/v2\/comments?post=1739"}],"version-history":[{"count":38,"href":"https:\/\/toweltrend.com\/fr\/wp-json\/wp\/v2\/pages\/1739\/revisions"}],"predecessor-version":[{"id":3367,"href":"https:\/\/toweltrend.com\/fr\/wp-json\/wp\/v2\/pages\/1739\/revisions\/3367"}],"wp:attachment":[{"href":"https:\/\/toweltrend.com\/fr\/wp-json\/wp\/v2\/media?parent=1739"}],"curies":[{"name":"wp","href":"https:\/\/api.w.org\/{rel}","templated":true}]}}