{"id":1703,"date":"2024-06-05T23:51:16","date_gmt":"2024-06-05T15:51:16","guid":{"rendered":"https:\/\/toweltrend.com\/?page_id=1703"},"modified":"2025-07-11T21:31:42","modified_gmt":"2025-07-11T13:31:42","slug":"polityka-prywatnosci","status":"publish","type":"page","link":"https:\/\/toweltrend.com\/pl\/privacy-policy\/","title":{"rendered":"Polityka prywatno\u015bci"},"content":{"rendered":"<div data-elementor-type=\"wp-page\" data-elementor-id=\"1703\" class=\"elementor elementor-1703\" data-elementor-post-type=\"page\">\n\t\t\t\t<div class=\"elementor-element elementor-element-226ee42 e-flex e-con-boxed e-con e-parent\" data-id=\"226ee42\" data-element_type=\"container\" data-e-type=\"container\">\n\t\t\t\t\t<div class=\"e-con-inner\">\n\t\t\t\t<div class=\"elementor-element elementor-element-7541cc8 elementor-widget elementor-widget-heading\" data-id=\"7541cc8\" data-element_type=\"widget\" data-e-type=\"widget\" data-widget_type=\"heading.default\">\n\t\t\t\t<div class=\"elementor-widget-container\">\n\t\t\t\t\t<h1 class=\"elementor-heading-title elementor-size-default\">Polityka prywatno\u015bci TowelTrend<\/h1>\t\t\t\t<\/div>\n\t\t\t\t<\/div>\n\t\t\t\t<div class=\"elementor-element elementor-element-74becf2 elementor-widget elementor-widget-post-info\" data-id=\"74becf2\" data-element_type=\"widget\" data-e-type=\"widget\" data-widget_type=\"post-info.default\">\n\t\t\t\t<div class=\"elementor-widget-container\">\n\t\t\t\t\t\t\t<ul class=\"elementor-inline-items elementor-icon-list-items elementor-post-info\">\n\t\t\t\t\t\t\t\t<li class=\"elementor-icon-list-item elementor-repeater-item-56edcc2 elementor-inline-item\" itemprop=\"author\">\n\t\t\t\t\t\t\t\t\t\t<span class=\"elementor-icon-list-icon\">\n\t\t\t\t\t\t\t\t<i aria-hidden=\"true\" class=\"far fa-user-circle\"><\/i>\t\t\t\t\t\t\t<\/span>\n\t\t\t\t\t\t\t\t\t<span class=\"elementor-icon-list-text elementor-post-info__item elementor-post-info__item--type-author\">\n\t\t\t\t\t\t\t<span class=\"elementor-post-info__item-prefix\">Przez<\/span>\n\t\t\t\t\t\t\t\t\t\tDylan\t\t\t\t\t<\/span>\n\t\t\t\t\t\t\t\t<\/li>\n\t\t\t\t<li class=\"elementor-icon-list-item elementor-repeater-item-f6ecc5a elementor-inline-item\" itemprop=\"datePublished\">\n\t\t\t\t\t\t\t\t\t\t<span class=\"elementor-icon-list-icon\">\n\t\t\t\t\t\t\t\t<i aria-hidden=\"true\" class=\"fas fa-calendar\"><\/i>\t\t\t\t\t\t\t<\/span>\n\t\t\t\t\t\t\t\t\t<span class=\"elementor-icon-list-text elementor-post-info__item elementor-post-info__item--type-date\">\n\t\t\t\t\t\t\t\t\t\t<time>5 czerwca 2024 r.<\/time>\t\t\t\t\t<\/span>\n\t\t\t\t\t\t\t\t<\/li>\n\t\t\t\t<\/ul>\n\t\t\t\t\t\t<\/div>\n\t\t\t\t<\/div>\n\t\t\t\t<div class=\"elementor-element elementor-element-1e023a8 elementor-widget elementor-widget-text-editor\" data-id=\"1e023a8\" data-element_type=\"widget\" data-e-type=\"widget\" data-widget_type=\"text-editor.default\">\n\t\t\t\t<div class=\"elementor-widget-container\">\n\t\t\t\t\t\t\t\t\t<p>Witamy w<strong><a href=\"https:\/\/toweltrend.com\/pl\/\">TowelTrend!<\/a><\/strong><\/p><p>Szanujemy prywatno\u015b\u0107 u\u017cytkownik\u00f3w i zobowi\u0105zujemy si\u0119 do ochrony ich danych osobowych.<\/p><p>Niniejsza polityka prywatno\u015bci informuje, w jaki spos\u00f3b post\u0119pujemy z danymi osobowymi u\u017cytkownik\u00f3w odwiedzaj\u0105cych nasz\u0105 witryn\u0119 internetow\u0105 (niezale\u017cnie od tego, sk\u0105d j\u0105 odwiedzaj\u0105) oraz o przys\u0142uguj\u0105cych im prawach do prywatno\u015bci i o tym, w jaki spos\u00f3b chroni ich prawo.<\/p><p><strong>1: Wa\u017cne informacje i kim jeste\u015bmy<\/strong><\/p><p>Celem niniejszej polityki prywatno\u015bci jest przekazanie informacji o tym, w jaki spos\u00f3b TowelTrend gromadzi i przetwarza dane osobowe u\u017cytkownik\u00f3w podczas korzystania przez nich z tej strony internetowej, w tym wszelkie dane, kt\u00f3re mog\u0105 zosta\u0107 przekazane za po\u015brednictwem tej strony podczas przesy\u0142ania zapytania.<\/p><p>Administratorem i podmiotem odpowiedzialnym za dane osobowe u\u017cytkownika jest TowelTrend.<\/p><p>Dane kontaktowe W przypadku jakichkolwiek pyta\u0144 dotycz\u0105cych niniejszej polityki prywatno\u015bci lub naszych praktyk w zakresie prywatno\u015bci,<br \/>prosimy o kontakt w nast\u0119puj\u0105cy spos\u00f3b: <strong>Adres e-mail: info@toweltrend.com.<\/strong><\/p><p>Zmiany w polityce prywatno\u015bci Nasza polityka prywatno\u015bci podlega regularnym przegl\u0105dom. Niniejsza wersja zosta\u0142a ostatnio zaktualizowana w dniu 2024\/6\/5. Historyczne wersje mo\u017cna uzyska\u0107, kontaktuj\u0105c si\u0119 z nami.<\/p><p>\u0141\u0105cza stron trzecich Niniejsza witryna internetowa mo\u017ce zawiera\u0107 \u0142\u0105cza do witryn, wtyczek i aplikacji stron trzecich. Klikni\u0119cie tych link\u00f3w lub w\u0142\u0105czenie tych po\u0142\u0105cze\u0144 mo\u017ce umo\u017cliwi\u0107 stronom trzecim gromadzenie lub udost\u0119pnianie danych o u\u017cytkowniku. Nie kontrolujemy tych witryn internetowych os\u00f3b trzecich i nie ponosimy odpowiedzialno\u015bci za ich o\u015bwiadczenia o ochronie prywatno\u015bci.<\/p><p><strong>2: Gromadzone przez nas dane o u\u017cytkowniku<\/strong><\/p><p>Dane osobowe lub informacje osobowe oznaczaj\u0105 wszelkie informacje o osobie fizycznej, na podstawie kt\u00f3rych mo\u017cna j\u0105 zidentyfikowa\u0107. Gromadzimy, wykorzystujemy, przechowujemy i przekazujemy r\u00f3\u017cne rodzaje danych osobowych u\u017cytkownika, kt\u00f3re pogrupowali\u015bmy w nast\u0119puj\u0105cy spos\u00f3b:<\/p><p>Dane identyfikacyjne obejmuj\u0105 imi\u0119 i nazwisko.<br \/>Dane kontaktowe obejmuj\u0105 adres e-mail i numery telefon\u00f3w.<br \/>Nie gromadzimy \u017cadnych Szczeg\u00f3lnych Kategorii Danych Osobowych (w tym danych dotycz\u0105cych rasy lub pochodzenia etnicznego, przekona\u0144 religijnych lub filozoficznych, \u017cycia seksualnego, orientacji seksualnej, pogl\u0105d\u00f3w politycznych, przynale\u017cno\u015bci do zwi\u0105zk\u00f3w zawodowych, informacji o stanie zdrowia oraz danych genetycznych i biometrycznych). Nie gromadzimy r\u00f3wnie\u017c \u017cadnych informacji o wyrokach skazuj\u0105cych i przest\u0119pstwach.<\/p><p><strong>3: W jaki spos\u00f3b gromadzone s\u0105 dane osobowe u\u017cytkownik\u00f3w?<\/strong><\/p><p>Korzystamy z r\u00f3\u017cnych metod gromadzenia danych od u\u017cytkownik\u00f3w i na ich temat, w tym poprzez:<\/p><p>Bezpo\u015brednie interakcje. U\u017cytkownik mo\u017ce poda\u0107 nam swoj\u0105 to\u017csamo\u015b\u0107 i dane kontaktowe, wype\u0142niaj\u0105c formularze lub koresponduj\u0105c z nami za po\u015brednictwem poczty elektronicznej. Obejmuje to dane osobowe podane przez u\u017cytkownika, gdy<br \/>z\u0142o\u017cy\u0107 zapytanie za po\u015brednictwem naszej strony internetowej.<\/p><p><strong>4: Jak wykorzystujemy dane osobowe u\u017cytkownika<\/strong><\/p><p>B\u0119dziemy wykorzystywa\u0107 dane osobowe u\u017cytkownika tylko wtedy, gdy zezwala nam na to prawo. Najcz\u0119\u015bciej b\u0119dziemy wykorzystywa\u0107 dane osobowe u\u017cytkownika w nast\u0119puj\u0105cych okoliczno\u015bciach:<\/p><p>W przypadku konieczno\u015bci wykonania umowy, kt\u00f3r\u0105 zamierzamy zawrze\u0107 lub zawarli\u015bmy z u\u017cytkownikiem.<br \/>Gdy jest to konieczne ze wzgl\u0119du na nasze uzasadnione interesy (lub interesy strony trzeciej), a interesy i podstawowe prawa u\u017cytkownika nie s\u0105 nadrz\u0119dne wobec tych interes\u00f3w.<br \/>W przypadku konieczno\u015bci spe\u0142nienia obowi\u0105zku prawnego.<\/p><p>U\u017cywamy danych identyfikacyjnych i kontaktowych u\u017cytkownika, aby wyrobi\u0107 sobie opini\u0119 na temat tego, czego u\u017cytkownik mo\u017ce chcie\u0107 lub potrzebowa\u0107, lub co mo\u017ce go zainteresowa\u0107.<\/p><p><strong>5: Bezpiecze\u0144stwo danych<\/strong><\/p><p>Wdro\u017cyli\u015bmy odpowiednie \u015brodki bezpiecze\u0144stwa, aby zapobiec przypadkowej utracie, wykorzystaniu lub uzyskaniu dost\u0119pu do danych osobowych u\u017cytkownika w nieautoryzowany spos\u00f3b, ich zmianie lub ujawnieniu. Dost\u0119p do danych osobowych u\u017cytkownika jest ograniczony do tych pracownik\u00f3w, agent\u00f3w, wykonawc\u00f3w i innych stron trzecich, kt\u00f3rzy musz\u0105 je zna\u0107 ze wzgl\u0119d\u00f3w biznesowych. B\u0119d\u0105 oni przetwarza\u0107 dane osobowe u\u017cytkownika wy\u0142\u0105cznie na nasze polecenie i podlegaj\u0105 obowi\u0105zkowi zachowania poufno\u015bci.<\/p><p><strong>6: Przechowywanie danych<\/strong><\/p><p>B\u0119dziemy przechowywa\u0107 dane osobowe u\u017cytkownika wy\u0142\u0105cznie tak d\u0142ugo, jak b\u0119dzie to konieczne do realizacji cel\u00f3w, dla kt\u00f3rych je zgromadzili\u015bmy, w tym w celu spe\u0142nienia wszelkich wymog\u00f3w prawnych, ksi\u0119gowych lub sprawozdawczych.<\/p><p><strong>7: Twoje prawa<\/strong><\/p><p>W pewnych okoliczno\u015bciach u\u017cytkownikowi przys\u0142uguj\u0105 prawa wynikaj\u0105ce z przepis\u00f3w o ochronie danych w odniesieniu do jego danych osobowych, w tym prawo do \u017c\u0105dania dost\u0119pu, sprostowania, usuni\u0119cia, ograniczenia, przeniesienia, wniesienia sprzeciwu wobec przetwarzania, przenoszenia danych oraz (w przypadku gdy zgodn\u0105 z prawem podstaw\u0105 przetwarzania jest zgoda) do wycofania zgody.<\/p>\t\t\t\t\t\t\t\t<\/div>\n\t\t\t\t<\/div>\n\t\t\t\t\t<\/div>\n\t\t\t\t<\/div>\n\t\t\t\t<\/div>","protected":false},"excerpt":{"rendered":"<p>Privacy Policy of TowelTrend Welcome toTowelTrend! We respect your privacy and are committed to protecting your personal data. This privacy policy will inform you how we handle your personal data when you visit our website (regardless of where you visit it from) and tell you about your privacy rights and how the law protects you. [&hellip;]<\/p>\n","protected":false},"author":1,"featured_media":0,"parent":0,"menu_order":0,"comment_status":"closed","ping_status":"closed","template":"","meta":{"footnotes":""},"class_list":["post-1703","page","type-page","status-publish","hentry"],"_links":{"self":[{"href":"https:\/\/toweltrend.com\/pl\/wp-json\/wp\/v2\/pages\/1703","targetHints":{"allow":["GET"]}}],"collection":[{"href":"https:\/\/toweltrend.com\/pl\/wp-json\/wp\/v2\/pages"}],"about":[{"href":"https:\/\/toweltrend.com\/pl\/wp-json\/wp\/v2\/types\/page"}],"author":[{"embeddable":true,"href":"https:\/\/toweltrend.com\/pl\/wp-json\/wp\/v2\/users\/1"}],"replies":[{"embeddable":true,"href":"https:\/\/toweltrend.com\/pl\/wp-json\/wp\/v2\/comments?post=1703"}],"version-history":[{"count":34,"href":"https:\/\/toweltrend.com\/pl\/wp-json\/wp\/v2\/pages\/1703\/revisions"}],"predecessor-version":[{"id":3577,"href":"https:\/\/toweltrend.com\/pl\/wp-json\/wp\/v2\/pages\/1703\/revisions\/3577"}],"wp:attachment":[{"href":"https:\/\/toweltrend.com\/pl\/wp-json\/wp\/v2\/media?parent=1703"}],"curies":[{"name":"wp","href":"https:\/\/api.w.org\/{rel}","templated":true}]}}