{"id":1739,"date":"2024-06-06T00:14:46","date_gmt":"2024-06-05T16:14:46","guid":{"rendered":"https:\/\/toweltrend.com\/?page_id=1739"},"modified":"2025-06-28T15:49:42","modified_gmt":"2025-06-28T07:49:42","slug":"warunki-swiadczenia-uslug","status":"publish","type":"page","link":"https:\/\/toweltrend.com\/pl\/terms-of-service\/","title":{"rendered":"Warunki \u015bwiadczenia us\u0142ug"},"content":{"rendered":"<div data-elementor-type=\"wp-page\" data-elementor-id=\"1739\" class=\"elementor elementor-1739\" data-elementor-post-type=\"page\">\n\t\t\t\t<div class=\"elementor-element elementor-element-7e23869 e-flex e-con-boxed e-con e-parent\" data-id=\"7e23869\" data-element_type=\"container\" data-e-type=\"container\">\n\t\t\t\t\t<div class=\"e-con-inner\">\n\t\t\t\t<div class=\"elementor-element elementor-element-bc149d7 elementor-widget elementor-widget-heading\" data-id=\"bc149d7\" data-element_type=\"widget\" data-e-type=\"widget\" data-widget_type=\"heading.default\">\n\t\t\t\t<div class=\"elementor-widget-container\">\n\t\t\t\t\t<h1 class=\"elementor-heading-title elementor-size-default\">Warunki korzystania z serwisu TowelTrend<\/h1>\t\t\t\t<\/div>\n\t\t\t\t<\/div>\n\t\t\t\t<div class=\"elementor-element elementor-element-821c29a elementor-widget elementor-widget-post-info\" data-id=\"821c29a\" data-element_type=\"widget\" data-e-type=\"widget\" data-widget_type=\"post-info.default\">\n\t\t\t\t<div class=\"elementor-widget-container\">\n\t\t\t\t\t\t\t<ul class=\"elementor-inline-items elementor-icon-list-items elementor-post-info\">\n\t\t\t\t\t\t\t\t<li class=\"elementor-icon-list-item elementor-repeater-item-e13808a elementor-inline-item\" itemprop=\"author\">\n\t\t\t\t\t\t\t\t\t\t<span class=\"elementor-icon-list-icon\">\n\t\t\t\t\t\t\t\t<i aria-hidden=\"true\" class=\"far fa-user-circle\"><\/i>\t\t\t\t\t\t\t<\/span>\n\t\t\t\t\t\t\t\t\t<span class=\"elementor-icon-list-text elementor-post-info__item elementor-post-info__item--type-author\">\n\t\t\t\t\t\t\t<span class=\"elementor-post-info__item-prefix\">Przez<\/span>\n\t\t\t\t\t\t\t\t\t\tDylan\t\t\t\t\t<\/span>\n\t\t\t\t\t\t\t\t<\/li>\n\t\t\t\t<li class=\"elementor-icon-list-item elementor-repeater-item-850815c elementor-inline-item\" itemprop=\"datePublished\">\n\t\t\t\t\t\t\t\t\t\t<span class=\"elementor-icon-list-icon\">\n\t\t\t\t\t\t\t\t<i aria-hidden=\"true\" class=\"fas fa-calendar\"><\/i>\t\t\t\t\t\t\t<\/span>\n\t\t\t\t\t\t\t\t\t<span class=\"elementor-icon-list-text elementor-post-info__item elementor-post-info__item--type-date\">\n\t\t\t\t\t\t\t\t\t\t<time>6 czerwca 2024 r.<\/time>\t\t\t\t\t<\/span>\n\t\t\t\t\t\t\t\t<\/li>\n\t\t\t\t<\/ul>\n\t\t\t\t\t\t<\/div>\n\t\t\t\t<\/div>\n\t\t\t\t<div class=\"elementor-element elementor-element-5b0430c elementor-widget elementor-widget-text-editor\" data-id=\"5b0430c\" data-element_type=\"widget\" data-e-type=\"widget\" data-widget_type=\"text-editor.default\">\n\t\t\t\t<div class=\"elementor-widget-container\">\n\t\t\t\t\t\t\t\t\t<p><strong>1. Wprowadzenie<br \/><\/strong><br \/>Witamy w TowelTrend.<\/p><p>Niniejsze Warunki \u015bwiadczenia us\u0142ug (\"Warunki\") reguluj\u0105 korzystanie przez u\u017cytkownika z naszej witryny internetowej znajduj\u0105cej si\u0119 pod adresem toweltrend.com, kt\u00f3ra u\u0142atwia sk\u0142adanie zapyta\u0144 biznesowych dotycz\u0105cych naszych r\u0119cznik\u00f3w.<\/p><p>Korzystaj\u0105c z naszej Witryny, u\u017cytkownik wyra\u017ca zgod\u0119 na niniejsze Warunki i nasze <a href=\"https:\/\/toweltrend.com\/pl\/polityka-prywatnosci\/\">Polityka prywatno\u015bci.<\/a><\/p><p><strong>2. O TowelTrend<br \/><\/strong><br \/>TowelTrend to producent r\u0119cznik\u00f3w z siedzib\u0105 w Chinach, specjalizuj\u0105cy si\u0119 w wysokiej jako\u015bci produktach przeznaczonych na globalny eksport w ramach transakcji typu business-to-business (B2B).<\/p><p><strong>3. Umowa u\u017cytkownika<\/strong><br \/>Uzyskuj\u0105c dost\u0119p do naszej Witryny lub korzystaj\u0105c z niej, u\u017cytkownik oznacza akceptacj\u0119 niniejszych Warunk\u00f3w.<\/p><p><strong>4. Z\u0142o\u017cenie zapytania<br \/><\/strong><br \/>4.1 Wymagane informacje: Aby przes\u0142a\u0107 zapytanie w naszej Witrynie, u\u017cytkownik b\u0119dzie musia\u0142 poda\u0107 swoje imi\u0119 i nazwisko, numer telefonu i adres e-mail. Informacje te musz\u0105 by\u0107 dok\u0142adne i aktualne.<\/p><p>4.2 Wykorzystanie informacji: Podane przez u\u017cytkownika informacje zostan\u0105 wykorzystane wy\u0142\u0105cznie w celu udzielenia odpowiedzi na jego zapytanie i b\u0119d\u0105 przetwarzane zgodnie z nasz\u0105 Polityk\u0105 prywatno\u015bci.<\/p><p><strong>5. Prawa w\u0142asno\u015bci intelektualnej<\/strong><\/p><p>5.1 W\u0142asno\u015b\u0107 tre\u015bci: Ca\u0142a zawarto\u015b\u0107 naszej Witryny, w tym tekst, grafika, logo i obrazy, jest w\u0142asno\u015bci\u0105 TowelTrend lub zosta\u0142a wykorzystana za zgod\u0105 i jest chroniona prawem w\u0142asno\u015bci intelektualnej.<\/p><p>5.2 Ograniczenia: U\u017cytkownik nie mo\u017ce wykorzystywa\u0107 \u017cadnych tre\u015bci z naszej Witryny bez naszej wyra\u017anej pisemnej zgody.<\/p><p><strong>6. Post\u0119powanie zabronione<\/strong><\/p><p>U\u017cytkownik zgadza si\u0119 nie korzysta\u0107 z Witryny w celu podejmowania jakichkolwiek niezgodnych z prawem dzia\u0142a\u0144 lub w spos\u00f3b, kt\u00f3ry m\u00f3g\u0142by uszkodzi\u0107, wy\u0142\u0105czy\u0107, przeci\u0105\u017cy\u0107 lub os\u0142abi\u0107 Witryn\u0119 lub zak\u0142\u00f3ci\u0107 korzystanie z Witryny przez jak\u0105kolwiek inn\u0105 stron\u0119.<\/p><p><strong>7. Ograniczenie odpowiedzialno\u015bci<\/strong><\/p><p>TowelTrend nie ponosi odpowiedzialno\u015bci za jakiekolwiek po\u015brednie, przypadkowe, szczeg\u00f3lne, wynikowe lub karne szkody wynikaj\u0105ce z korzystania lub niemo\u017cno\u015bci korzystania z naszej Strony.<\/p><p><strong>8. Odszkodowanie<\/strong><\/p><p>U\u017cytkownik zgadza si\u0119 zabezpieczy\u0107 TowelTrend i jej podmioty stowarzyszone, pracownik\u00f3w, agent\u00f3w i licencjodawc\u00f3w przed wszelkimi roszczeniami lub \u017c\u0105daniami stron trzecich wynikaj\u0105cymi z korzystania z Witryny.<\/p><p><strong>9. Zmiany warunk\u00f3w<\/strong><\/p><p>TowelTrend zastrzega sobie prawo do zmiany niniejszych Warunk\u00f3w w dowolnym czasie. Dalsze korzystanie z Witryny po wprowadzeniu takich zmian oznacza akceptacj\u0119 nowych Warunk\u00f3w.<\/p><p><strong>10. Prawo w\u0142a\u015bciwe<\/strong><\/p><p>Niniejsze Warunki podlegaj\u0105 prawu chi\u0144skiemu, bez wzgl\u0119du na jego normy kolizyjne.<\/p><p><strong>11. Kontakt<\/strong><\/p><p>W przypadku jakichkolwiek pyta\u0144 dotycz\u0105cych niniejszego Regulaminu prosimy o kontakt pod adresem <strong>info@toweltrend.com.<\/strong><\/p>\t\t\t\t\t\t\t\t<\/div>\n\t\t\t\t<\/div>\n\t\t\t\t\t<\/div>\n\t\t\t\t<\/div>\n\t\t\t\t<\/div>","protected":false},"excerpt":{"rendered":"<p>Terms of Service for TowelTrend 1. IntroductionWelcome to TowelTrend. These Terms of Service (\u201cTerms\u201d) govern your use of our website located at toweltrend.com, which facilitates business inquiries regarding our towels. By using our Website, you agree to these Terms and our Privacy Policy. 2. About TowelTrendTowelTrend is a towel manufacturer based in China, specializing in [&hellip;]<\/p>\n","protected":false},"author":1,"featured_media":0,"parent":0,"menu_order":0,"comment_status":"closed","ping_status":"closed","template":"","meta":{"footnotes":""},"class_list":["post-1739","page","type-page","status-publish","hentry"],"_links":{"self":[{"href":"https:\/\/toweltrend.com\/pl\/wp-json\/wp\/v2\/pages\/1739","targetHints":{"allow":["GET"]}}],"collection":[{"href":"https:\/\/toweltrend.com\/pl\/wp-json\/wp\/v2\/pages"}],"about":[{"href":"https:\/\/toweltrend.com\/pl\/wp-json\/wp\/v2\/types\/page"}],"author":[{"embeddable":true,"href":"https:\/\/toweltrend.com\/pl\/wp-json\/wp\/v2\/users\/1"}],"replies":[{"embeddable":true,"href":"https:\/\/toweltrend.com\/pl\/wp-json\/wp\/v2\/comments?post=1739"}],"version-history":[{"count":38,"href":"https:\/\/toweltrend.com\/pl\/wp-json\/wp\/v2\/pages\/1739\/revisions"}],"predecessor-version":[{"id":3367,"href":"https:\/\/toweltrend.com\/pl\/wp-json\/wp\/v2\/pages\/1739\/revisions\/3367"}],"wp:attachment":[{"href":"https:\/\/toweltrend.com\/pl\/wp-json\/wp\/v2\/media?parent=1739"}],"curies":[{"name":"wp","href":"https:\/\/api.w.org\/{rel}","templated":true}]}}