{"id":1703,"date":"2024-06-05T23:51:16","date_gmt":"2024-06-05T15:51:16","guid":{"rendered":"https:\/\/toweltrend.com\/?page_id=1703"},"modified":"2025-07-11T21:31:42","modified_gmt":"2025-07-11T13:31:42","slug":"politica-de-privacidade","status":"publish","type":"page","link":"https:\/\/toweltrend.com\/pt\/privacy-policy\/","title":{"rendered":"Pol\u00edtica de privacidade"},"content":{"rendered":"<div data-elementor-type=\"wp-page\" data-elementor-id=\"1703\" class=\"elementor elementor-1703\" data-elementor-post-type=\"page\">\n\t\t\t\t<div class=\"elementor-element elementor-element-226ee42 e-flex e-con-boxed e-con e-parent\" data-id=\"226ee42\" data-element_type=\"container\" data-e-type=\"container\">\n\t\t\t\t\t<div class=\"e-con-inner\">\n\t\t\t\t<div class=\"elementor-element elementor-element-7541cc8 elementor-widget elementor-widget-heading\" data-id=\"7541cc8\" data-element_type=\"widget\" data-e-type=\"widget\" data-widget_type=\"heading.default\">\n\t\t\t\t<div class=\"elementor-widget-container\">\n\t\t\t\t\t<h1 class=\"elementor-heading-title elementor-size-default\">Pol\u00edtica de privacidade da TowelTrend<\/h1>\t\t\t\t<\/div>\n\t\t\t\t<\/div>\n\t\t\t\t<div class=\"elementor-element elementor-element-74becf2 elementor-widget elementor-widget-post-info\" data-id=\"74becf2\" data-element_type=\"widget\" data-e-type=\"widget\" data-widget_type=\"post-info.default\">\n\t\t\t\t<div class=\"elementor-widget-container\">\n\t\t\t\t\t\t\t<ul class=\"elementor-inline-items elementor-icon-list-items elementor-post-info\">\n\t\t\t\t\t\t\t\t<li class=\"elementor-icon-list-item elementor-repeater-item-56edcc2 elementor-inline-item\" itemprop=\"author\">\n\t\t\t\t\t\t\t\t\t\t<span class=\"elementor-icon-list-icon\">\n\t\t\t\t\t\t\t\t<i aria-hidden=\"true\" class=\"far fa-user-circle\"><\/i>\t\t\t\t\t\t\t<\/span>\n\t\t\t\t\t\t\t\t\t<span class=\"elementor-icon-list-text elementor-post-info__item elementor-post-info__item--type-author\">\n\t\t\t\t\t\t\t<span class=\"elementor-post-info__item-prefix\">Por<\/span>\n\t\t\t\t\t\t\t\t\t\tDylan\t\t\t\t\t<\/span>\n\t\t\t\t\t\t\t\t<\/li>\n\t\t\t\t<li class=\"elementor-icon-list-item elementor-repeater-item-f6ecc5a elementor-inline-item\" itemprop=\"datePublished\">\n\t\t\t\t\t\t\t\t\t\t<span class=\"elementor-icon-list-icon\">\n\t\t\t\t\t\t\t\t<i aria-hidden=\"true\" class=\"fas fa-calendar\"><\/i>\t\t\t\t\t\t\t<\/span>\n\t\t\t\t\t\t\t\t\t<span class=\"elementor-icon-list-text elementor-post-info__item elementor-post-info__item--type-date\">\n\t\t\t\t\t\t\t\t\t\t<time>5 de junho de 2024<\/time>\t\t\t\t\t<\/span>\n\t\t\t\t\t\t\t\t<\/li>\n\t\t\t\t<\/ul>\n\t\t\t\t\t\t<\/div>\n\t\t\t\t<\/div>\n\t\t\t\t<div class=\"elementor-element elementor-element-1e023a8 elementor-widget elementor-widget-text-editor\" data-id=\"1e023a8\" data-element_type=\"widget\" data-e-type=\"widget\" data-widget_type=\"text-editor.default\">\n\t\t\t\t<div class=\"elementor-widget-container\">\n\t\t\t\t\t\t\t\t\t<p>Bem-vindo ao<strong><a href=\"https:\/\/toweltrend.com\/pt\/\">TowelTrend!<\/a><\/strong><\/p><p>Respeitamos sua privacidade e temos o compromisso de proteger seus dados pessoais.<\/p><p>Esta pol\u00edtica de privacidade informar\u00e1 como lidamos com seus dados pessoais quando voc\u00ea visita nosso site (independentemente de onde voc\u00ea o visita) e informar\u00e1 sobre seus direitos de privacidade e como a lei o protege.<\/p><p><strong>1: Informa\u00e7\u00f5es importantes e quem somos<\/strong><\/p><p>Objetivo desta pol\u00edtica de privacidade Esta pol\u00edtica de privacidade tem como objetivo fornecer informa\u00e7\u00f5es sobre como a TowelTrend coleta e processa seus dados pessoais atrav\u00e9s do uso deste site, incluindo quaisquer dados que voc\u00ea possa fornecer atrav\u00e9s deste site ao enviar uma consulta.<\/p><p>Controlador A TowelTrend \u00e9 a controladora e respons\u00e1vel por seus dados pessoais.<\/p><p>Detalhes de contato Se tiver alguma d\u00favida sobre esta pol\u00edtica de privacidade ou sobre nossas pr\u00e1ticas de privacidade,<br \/>entre em contato conosco das seguintes maneiras: <strong>Endere\u00e7o de e-mail: info@toweltrend.com.<\/strong><\/p><p>Altera\u00e7\u00f5es na Pol\u00edtica de Privacidade Mantemos nossa pol\u00edtica de privacidade sob revis\u00e3o regular. Esta vers\u00e3o foi atualizada pela \u00faltima vez em 2024\/6\/5. Vers\u00f5es hist\u00f3ricas podem ser obtidas entrando em contato conosco.<\/p><p>Links de terceiros Este site pode incluir links para sites, plug-ins e aplicativos de terceiros. Clicar nesses links ou ativar essas conex\u00f5es pode permitir que terceiros coletem ou compartilhem dados sobre voc\u00ea. N\u00e3o controlamos esses sites de terceiros e n\u00e3o somos respons\u00e1veis por suas declara\u00e7\u00f5es de privacidade.<\/p><p><strong>2: Os dados que coletamos sobre voc\u00ea<\/strong><\/p><p>Dados pessoais, ou informa\u00e7\u00f5es pessoais, significam qualquer informa\u00e7\u00e3o sobre um indiv\u00edduo a partir da qual essa pessoa possa ser identificada. Coletamos, usamos, armazenamos e transferimos diferentes tipos de dados pessoais sobre voc\u00ea, que agrupamos da seguinte forma:<\/p><p>Os dados de identidade incluem nome e sobrenome.<br \/>Os dados de contato incluem endere\u00e7o de e-mail e n\u00fameros de telefone.<br \/>N\u00e3o coletamos nenhuma categoria especial de dados pessoais sobre voc\u00ea (isso inclui detalhes sobre sua ra\u00e7a ou etnia, cren\u00e7as religiosas ou filos\u00f3ficas, vida sexual, orienta\u00e7\u00e3o sexual, opini\u00f5es pol\u00edticas, filia\u00e7\u00e3o sindical, informa\u00e7\u00f5es sobre sua sa\u00fade e dados gen\u00e9ticos e biom\u00e9tricos). Tamb\u00e9m n\u00e3o coletamos nenhuma informa\u00e7\u00e3o sobre condena\u00e7\u00f5es criminais e delitos.<\/p><p><strong>3: Como seus dados pessoais s\u00e3o coletados?<\/strong><\/p><p>Usamos m\u00e9todos diferentes para coletar dados de e sobre voc\u00ea, inclusive por meio de:<\/p><p>Intera\u00e7\u00f5es diretas. Voc\u00ea pode nos fornecer sua identidade e contato preenchendo formul\u00e1rios ou se correspondendo conosco por e-mail. Isso inclui dados pessoais que voc\u00ea fornece quando:<br \/>envie uma consulta por meio de nosso site.<\/p><p><strong>4: Como usamos seus dados pessoais<\/strong><\/p><p>Somente usaremos seus dados pessoais quando a lei nos permitir. Geralmente, usaremos seus dados pessoais nas seguintes circunst\u00e2ncias:<\/p><p>Quando precisarmos executar um contrato que estamos prestes a celebrar ou que celebramos com voc\u00ea.<br \/>Quando for necess\u00e1rio para nossos interesses leg\u00edtimos (ou os de terceiros) e seus interesses e direitos fundamentais n\u00e3o se sobrepuserem a esses interesses.<br \/>Quando precisarmos cumprir uma obriga\u00e7\u00e3o legal.<\/p><p>Usamos sua identidade e seus dados de contato para formar uma opini\u00e3o sobre o que achamos que voc\u00ea pode querer ou precisar, ou o que pode ser de seu interesse.<\/p><p><strong>5: Seguran\u00e7a de dados<\/strong><\/p><p>Implementamos medidas de seguran\u00e7a adequadas para evitar que seus dados pessoais sejam acidentalmente perdidos, usados ou acessados de forma n\u00e3o autorizada, alterados ou divulgados. Limitamos o acesso aos seus dados pessoais aos funcion\u00e1rios, agentes, contratados e outros terceiros que tenham necessidade comercial de conhec\u00ea-los. Eles s\u00f3 processar\u00e3o seus dados pessoais de acordo com nossas instru\u00e7\u00f5es e est\u00e3o sujeitos a um dever de confidencialidade.<\/p><p><strong>6: Reten\u00e7\u00e3o de dados<\/strong><\/p><p>Somente reteremos seus dados pessoais pelo tempo necess\u00e1rio para cumprir as finalidades para as quais os coletamos, inclusive para atender a quaisquer requisitos legais, cont\u00e1beis ou de relat\u00f3rios.<\/p><p><strong>7: Seus direitos legais<\/strong><\/p><p>Em determinadas circunst\u00e2ncias, voc\u00ea tem direitos de acordo com as leis de prote\u00e7\u00e3o de dados em rela\u00e7\u00e3o aos seus dados pessoais, incluindo o direito de solicitar acesso, corre\u00e7\u00e3o, exclus\u00e3o, restri\u00e7\u00e3o, transfer\u00eancia, obje\u00e7\u00e3o ao processamento, portabilidade dos dados e (quando o fundamento legal do processamento for o consentimento) de retirar o consentimento.<\/p>\t\t\t\t\t\t\t\t<\/div>\n\t\t\t\t<\/div>\n\t\t\t\t\t<\/div>\n\t\t\t\t<\/div>\n\t\t\t\t<\/div>","protected":false},"excerpt":{"rendered":"<p>Privacy Policy of TowelTrend Welcome toTowelTrend! We respect your privacy and are committed to protecting your personal data. This privacy policy will inform you how we handle your personal data when you visit our website (regardless of where you visit it from) and tell you about your privacy rights and how the law protects you. [&hellip;]<\/p>\n","protected":false},"author":1,"featured_media":0,"parent":0,"menu_order":0,"comment_status":"closed","ping_status":"closed","template":"","meta":{"footnotes":""},"class_list":["post-1703","page","type-page","status-publish","hentry"],"_links":{"self":[{"href":"https:\/\/toweltrend.com\/pt\/wp-json\/wp\/v2\/pages\/1703","targetHints":{"allow":["GET"]}}],"collection":[{"href":"https:\/\/toweltrend.com\/pt\/wp-json\/wp\/v2\/pages"}],"about":[{"href":"https:\/\/toweltrend.com\/pt\/wp-json\/wp\/v2\/types\/page"}],"author":[{"embeddable":true,"href":"https:\/\/toweltrend.com\/pt\/wp-json\/wp\/v2\/users\/1"}],"replies":[{"embeddable":true,"href":"https:\/\/toweltrend.com\/pt\/wp-json\/wp\/v2\/comments?post=1703"}],"version-history":[{"count":34,"href":"https:\/\/toweltrend.com\/pt\/wp-json\/wp\/v2\/pages\/1703\/revisions"}],"predecessor-version":[{"id":3577,"href":"https:\/\/toweltrend.com\/pt\/wp-json\/wp\/v2\/pages\/1703\/revisions\/3577"}],"wp:attachment":[{"href":"https:\/\/toweltrend.com\/pt\/wp-json\/wp\/v2\/media?parent=1703"}],"curies":[{"name":"wp","href":"https:\/\/api.w.org\/{rel}","templated":true}]}}