{"id":1739,"date":"2024-06-06T00:14:46","date_gmt":"2024-06-05T16:14:46","guid":{"rendered":"https:\/\/toweltrend.com\/?page_id=1739"},"modified":"2025-06-28T15:49:42","modified_gmt":"2025-06-28T07:49:42","slug":"termos-de-servico","status":"publish","type":"page","link":"https:\/\/toweltrend.com\/pt\/terms-of-service\/","title":{"rendered":"Termos de Servi\u00e7o"},"content":{"rendered":"<div data-elementor-type=\"wp-page\" data-elementor-id=\"1739\" class=\"elementor elementor-1739\" data-elementor-post-type=\"page\">\n\t\t\t\t<div class=\"elementor-element elementor-element-7e23869 e-flex e-con-boxed e-con e-parent\" data-id=\"7e23869\" data-element_type=\"container\" data-e-type=\"container\">\n\t\t\t\t\t<div class=\"e-con-inner\">\n\t\t\t\t<div class=\"elementor-element elementor-element-bc149d7 elementor-widget elementor-widget-heading\" data-id=\"bc149d7\" data-element_type=\"widget\" data-e-type=\"widget\" data-widget_type=\"heading.default\">\n\t\t\t\t<div class=\"elementor-widget-container\">\n\t\t\t\t\t<h1 class=\"elementor-heading-title elementor-size-default\">Termos de servi\u00e7o da TowelTrend<\/h1>\t\t\t\t<\/div>\n\t\t\t\t<\/div>\n\t\t\t\t<div class=\"elementor-element elementor-element-821c29a elementor-widget elementor-widget-post-info\" data-id=\"821c29a\" data-element_type=\"widget\" data-e-type=\"widget\" data-widget_type=\"post-info.default\">\n\t\t\t\t<div class=\"elementor-widget-container\">\n\t\t\t\t\t\t\t<ul class=\"elementor-inline-items elementor-icon-list-items elementor-post-info\">\n\t\t\t\t\t\t\t\t<li class=\"elementor-icon-list-item elementor-repeater-item-e13808a elementor-inline-item\" itemprop=\"author\">\n\t\t\t\t\t\t\t\t\t\t<span class=\"elementor-icon-list-icon\">\n\t\t\t\t\t\t\t\t<i aria-hidden=\"true\" class=\"far fa-user-circle\"><\/i>\t\t\t\t\t\t\t<\/span>\n\t\t\t\t\t\t\t\t\t<span class=\"elementor-icon-list-text elementor-post-info__item elementor-post-info__item--type-author\">\n\t\t\t\t\t\t\t<span class=\"elementor-post-info__item-prefix\">Por<\/span>\n\t\t\t\t\t\t\t\t\t\tDylan\t\t\t\t\t<\/span>\n\t\t\t\t\t\t\t\t<\/li>\n\t\t\t\t<li class=\"elementor-icon-list-item elementor-repeater-item-850815c elementor-inline-item\" itemprop=\"datePublished\">\n\t\t\t\t\t\t\t\t\t\t<span class=\"elementor-icon-list-icon\">\n\t\t\t\t\t\t\t\t<i aria-hidden=\"true\" class=\"fas fa-calendar\"><\/i>\t\t\t\t\t\t\t<\/span>\n\t\t\t\t\t\t\t\t\t<span class=\"elementor-icon-list-text elementor-post-info__item elementor-post-info__item--type-date\">\n\t\t\t\t\t\t\t\t\t\t<time>6 de junho de 2024<\/time>\t\t\t\t\t<\/span>\n\t\t\t\t\t\t\t\t<\/li>\n\t\t\t\t<\/ul>\n\t\t\t\t\t\t<\/div>\n\t\t\t\t<\/div>\n\t\t\t\t<div class=\"elementor-element elementor-element-5b0430c elementor-widget elementor-widget-text-editor\" data-id=\"5b0430c\" data-element_type=\"widget\" data-e-type=\"widget\" data-widget_type=\"text-editor.default\">\n\t\t\t\t<div class=\"elementor-widget-container\">\n\t\t\t\t\t\t\t\t\t<p><strong>1. Introdu\u00e7\u00e3o<br \/><\/strong><br \/>Bem-vindo \u00e0 TowelTrend.<\/p><p>Estes Termos de Servi\u00e7o (\"Termos\") regem o uso do nosso site, localizado em toweltrend.com, que facilita as consultas comerciais relacionadas \u00e0s nossas toalhas.<\/p><p>Ao usar nosso site, voc\u00ea concorda com estes Termos e com nossos <a href=\"https:\/\/toweltrend.com\/pt\/politica-de-privacidade\/\">Pol\u00edtica de privacidade.<\/a><\/p><p><strong>2. Sobre a TowelTrend<br \/><\/strong><br \/>A TowelTrend \u00e9 uma fabricante de toalhas sediada na China, especializada em produtos de alta qualidade para exporta\u00e7\u00e3o global por meio de transa\u00e7\u00f5es business-to-business (B2B).<\/p><p><strong>3. Contrato do usu\u00e1rio<\/strong><br \/>Ao acessar ou usar o nosso Site, voc\u00ea expressa sua aceita\u00e7\u00e3o destes Termos.<\/p><p><strong>4. Envio de consultas<br \/><\/strong><br \/>4.1 Informa\u00e7\u00f5es necess\u00e1rias: Para enviar uma consulta em nosso site, ser\u00e1 necess\u00e1rio fornecer seu nome, n\u00famero de telefone e endere\u00e7o de e-mail. Essas informa\u00e7\u00f5es devem ser precisas e atuais.<\/p><p>4.2 Uso das informa\u00e7\u00f5es: As informa\u00e7\u00f5es que voc\u00ea fornecer ser\u00e3o usadas exclusivamente para responder \u00e0 sua consulta e ser\u00e3o tratadas de acordo com nossa Pol\u00edtica de Privacidade.<\/p><p><strong>5. Direitos de propriedade intelectual<\/strong><\/p><p>5.1 Propriedade do conte\u00fado: Todo o conte\u00fado do nosso site, incluindo texto, gr\u00e1ficos, logotipos e imagens, \u00e9 de propriedade da TowelTrend ou usado com permiss\u00e3o e \u00e9 protegido por leis de propriedade intelectual.<\/p><p>5.2 Restri\u00e7\u00f5es: Voc\u00ea n\u00e3o pode usar nenhum conte\u00fado do nosso site sem nossa permiss\u00e3o expressa por escrito.<\/p><p><strong>6. Conduta proibida<\/strong><\/p><p>Voc\u00ea concorda em n\u00e3o usar o Site para atividades ilegais ou de forma que possa danificar, desabilitar, sobrecarregar ou prejudicar o Site ou interferir no uso e aproveitamento do Site por terceiros.<\/p><p><strong>7. Limita\u00e7\u00e3o de responsabilidade<\/strong><\/p><p>A TowelTrend n\u00e3o ser\u00e1 respons\u00e1vel por quaisquer danos indiretos, incidentais, especiais, consequenciais ou punitivos resultantes do seu uso ou incapacidade de usar o nosso site.<\/p><p><strong>8. Indeniza\u00e7\u00e3o<\/strong><\/p><p>O usu\u00e1rio concorda em indenizar e isentar a TowelTrend e suas afiliadas, funcion\u00e1rios, agentes e licenciadores de qualquer reclama\u00e7\u00e3o ou demanda feita por qualquer terceiro devido a ou decorrente do seu uso do site.<\/p><p><strong>9. Altera\u00e7\u00f5es nos termos<\/strong><\/p><p>A TowelTrend se reserva o direito de modificar estes Termos a qualquer momento. Seu uso continuado do site ap\u00f3s qualquer modifica\u00e7\u00e3o constitui sua aceita\u00e7\u00e3o dos novos Termos.<\/p><p><strong>10. Legisla\u00e7\u00e3o aplic\u00e1vel<\/strong><\/p><p>Estes Termos ser\u00e3o regidos pelas leis da China, sem levar em conta seus princ\u00edpios de conflito de leis.<\/p><p><strong>11. Entre em contato conosco<\/strong><\/p><p>Se tiver alguma d\u00favida sobre estes Termos, entre em contato conosco pelo e-mail <strong>info@toweltrend.com.<\/strong><\/p>\t\t\t\t\t\t\t\t<\/div>\n\t\t\t\t<\/div>\n\t\t\t\t\t<\/div>\n\t\t\t\t<\/div>\n\t\t\t\t<\/div>","protected":false},"excerpt":{"rendered":"<p>Terms of Service for TowelTrend 1. IntroductionWelcome to TowelTrend. These Terms of Service (\u201cTerms\u201d) govern your use of our website located at toweltrend.com, which facilitates business inquiries regarding our towels. By using our Website, you agree to these Terms and our Privacy Policy. 2. About TowelTrendTowelTrend is a towel manufacturer based in China, specializing in [&hellip;]<\/p>\n","protected":false},"author":1,"featured_media":0,"parent":0,"menu_order":0,"comment_status":"closed","ping_status":"closed","template":"","meta":{"footnotes":""},"class_list":["post-1739","page","type-page","status-publish","hentry"],"_links":{"self":[{"href":"https:\/\/toweltrend.com\/pt\/wp-json\/wp\/v2\/pages\/1739","targetHints":{"allow":["GET"]}}],"collection":[{"href":"https:\/\/toweltrend.com\/pt\/wp-json\/wp\/v2\/pages"}],"about":[{"href":"https:\/\/toweltrend.com\/pt\/wp-json\/wp\/v2\/types\/page"}],"author":[{"embeddable":true,"href":"https:\/\/toweltrend.com\/pt\/wp-json\/wp\/v2\/users\/1"}],"replies":[{"embeddable":true,"href":"https:\/\/toweltrend.com\/pt\/wp-json\/wp\/v2\/comments?post=1739"}],"version-history":[{"count":38,"href":"https:\/\/toweltrend.com\/pt\/wp-json\/wp\/v2\/pages\/1739\/revisions"}],"predecessor-version":[{"id":3367,"href":"https:\/\/toweltrend.com\/pt\/wp-json\/wp\/v2\/pages\/1739\/revisions\/3367"}],"wp:attachment":[{"href":"https:\/\/toweltrend.com\/pt\/wp-json\/wp\/v2\/media?parent=1739"}],"curies":[{"name":"wp","href":"https:\/\/api.w.org\/{rel}","templated":true}]}}